{"id":1161,"date":"2017-11-14T10:13:00","date_gmt":"2017-11-14T09:13:00","guid":{"rendered":"http:\/\/www.leavalentin.com\/?page_id=1161"},"modified":"2026-04-19T21:02:35","modified_gmt":"2026-04-19T19:02:35","slug":"expositions","status":"publish","type":"page","link":"https:\/\/www.leavalentin.com\/index.php\/expositions\/","title":{"rendered":"Expositions"},"content":{"rendered":"\n<div style=\"height:73px\" aria-hidden=\"true\" class=\"wp-block-spacer\"><\/div>\n\n\n\n<p class=\"has-large-font-size\"><strong>Expositions personnelles<\/strong><\/p>\n\n\n\n<div style=\"height:36px\" aria-hidden=\"true\" class=\"wp-block-spacer\"><\/div>\n\n\n\n<p class=\"has-medium-font-size\"><\/p>\n\n\n\n<p><strong>2026<\/strong> : <em>R\u00e9manence<\/em>, Galerie Faidherbe, Paris.<\/p>\n\n\n\n<figure class=\"wp-block-gallery has-nested-images columns-default is-cropped wp-block-gallery-1 is-layout-flex wp-block-gallery-is-layout-flex\">\n<figure class=\"wp-block-image size-large\"><img loading=\"lazy\" decoding=\"async\" width=\"768\" height=\"1024\" data-id=\"1401\" src=\"https:\/\/www.leavalentin.com\/wp-content\/uploads\/2026\/04\/IMG_8404-768x1024.jpeg\" alt=\"\" class=\"wp-image-1401\" srcset=\"https:\/\/www.leavalentin.com\/wp-content\/uploads\/2026\/04\/IMG_8404-768x1024.jpeg 768w, https:\/\/www.leavalentin.com\/wp-content\/uploads\/2026\/04\/IMG_8404-225x300.jpeg 225w, https:\/\/www.leavalentin.com\/wp-content\/uploads\/2026\/04\/IMG_8404.jpeg 1024w\" sizes=\"auto, (max-width: 768px) 100vw, 768px\" \/><\/figure>\n\n\n\n<figure class=\"wp-block-image size-large\"><img loading=\"lazy\" decoding=\"async\" width=\"768\" height=\"1024\" data-id=\"1411\" src=\"https:\/\/www.leavalentin.com\/wp-content\/uploads\/2026\/04\/IMG_8440-2-1-768x1024.jpeg\" alt=\"\" class=\"wp-image-1411\" srcset=\"https:\/\/www.leavalentin.com\/wp-content\/uploads\/2026\/04\/IMG_8440-2-1-768x1024.jpeg 768w, https:\/\/www.leavalentin.com\/wp-content\/uploads\/2026\/04\/IMG_8440-2-1-225x300.jpeg 225w, https:\/\/www.leavalentin.com\/wp-content\/uploads\/2026\/04\/IMG_8440-2-1-1152x1536.jpeg 1152w, https:\/\/www.leavalentin.com\/wp-content\/uploads\/2026\/04\/IMG_8440-2-1-1536x2048.jpeg 1536w, https:\/\/www.leavalentin.com\/wp-content\/uploads\/2026\/04\/IMG_8440-2-1-scaled.jpeg 1920w\" sizes=\"auto, (max-width: 768px) 100vw, 768px\" \/><\/figure>\n\n\n\n<figure class=\"wp-block-image size-large\"><img loading=\"lazy\" decoding=\"async\" width=\"749\" height=\"1024\" data-id=\"1412\" src=\"https:\/\/www.leavalentin.com\/wp-content\/uploads\/2026\/04\/IMG_8509-1-749x1024.jpeg\" alt=\"\" class=\"wp-image-1412\" srcset=\"https:\/\/www.leavalentin.com\/wp-content\/uploads\/2026\/04\/IMG_8509-1-749x1024.jpeg 749w, https:\/\/www.leavalentin.com\/wp-content\/uploads\/2026\/04\/IMG_8509-1-219x300.jpeg 219w, https:\/\/www.leavalentin.com\/wp-content\/uploads\/2026\/04\/IMG_8509-1-768x1050.jpeg 768w, https:\/\/www.leavalentin.com\/wp-content\/uploads\/2026\/04\/IMG_8509-1-1123x1536.jpeg 1123w, https:\/\/www.leavalentin.com\/wp-content\/uploads\/2026\/04\/IMG_8509-1-1497x2048.jpeg 1497w, https:\/\/www.leavalentin.com\/wp-content\/uploads\/2026\/04\/IMG_8509-1-scaled.jpeg 1872w\" sizes=\"auto, (max-width: 749px) 100vw, 749px\" \/><\/figure>\n<\/figure>\n\n\n\n<div style=\"height:36px\" aria-hidden=\"true\" class=\"wp-block-spacer\"><\/div>\n\n\n\n<p><strong>2025<\/strong>&nbsp;:&nbsp;<em>L\u00e9a Valentin vous invite\u2026<\/em>, Galerie du Haut-Pav\u00e9, Paris. <a href=\"http:\/\/www.leavalentin.com\/wp-content\/uploads\/2025\/03\/Depliant-Lea-Valentin.pdf\" data-type=\"attachment\" data-id=\"1183\">Cliquez-ici pour t\u00e9l\u00e9charger le d\u00e9pliant accompagnant l&#8217;exposition<\/a>.<\/p>\n\n\n\n<figure class=\"wp-block-gallery has-nested-images columns-default is-cropped wp-block-gallery-2 is-layout-flex wp-block-gallery-is-layout-flex\">\n<figure class=\"wp-block-image size-large\"><img loading=\"lazy\" decoding=\"async\" width=\"1024\" height=\"768\" data-id=\"1200\" src=\"http:\/\/www.leavalentin.com\/wp-content\/uploads\/2025\/08\/IMG_2091-1024x768.jpeg\" alt=\"\" class=\"wp-image-1200\" srcset=\"https:\/\/www.leavalentin.com\/wp-content\/uploads\/2025\/08\/IMG_2091-1024x768.jpeg 1024w, https:\/\/www.leavalentin.com\/wp-content\/uploads\/2025\/08\/IMG_2091-300x225.jpeg 300w, https:\/\/www.leavalentin.com\/wp-content\/uploads\/2025\/08\/IMG_2091-768x576.jpeg 768w, https:\/\/www.leavalentin.com\/wp-content\/uploads\/2025\/08\/IMG_2091-1536x1152.jpeg 1536w, https:\/\/www.leavalentin.com\/wp-content\/uploads\/2025\/08\/IMG_2091.jpeg 2048w\" sizes=\"auto, (max-width: 1024px) 100vw, 1024px\" \/><\/figure>\n\n\n\n<figure class=\"wp-block-image size-large\"><img loading=\"lazy\" decoding=\"async\" width=\"1024\" height=\"768\" data-id=\"1199\" src=\"http:\/\/www.leavalentin.com\/wp-content\/uploads\/2025\/08\/IMG_2061-1024x768.jpeg\" alt=\"\" class=\"wp-image-1199\" srcset=\"https:\/\/www.leavalentin.com\/wp-content\/uploads\/2025\/08\/IMG_2061-1024x768.jpeg 1024w, https:\/\/www.leavalentin.com\/wp-content\/uploads\/2025\/08\/IMG_2061-300x225.jpeg 300w, https:\/\/www.leavalentin.com\/wp-content\/uploads\/2025\/08\/IMG_2061-768x576.jpeg 768w, https:\/\/www.leavalentin.com\/wp-content\/uploads\/2025\/08\/IMG_2061-1536x1152.jpeg 1536w, https:\/\/www.leavalentin.com\/wp-content\/uploads\/2025\/08\/IMG_2061.jpeg 2048w\" sizes=\"auto, (max-width: 1024px) 100vw, 1024px\" \/><\/figure>\n\n\n\n<figure class=\"wp-block-image size-large\"><img loading=\"lazy\" decoding=\"async\" width=\"768\" height=\"1024\" data-id=\"1201\" src=\"http:\/\/www.leavalentin.com\/wp-content\/uploads\/2025\/08\/IMG_6587-2-1-768x1024.jpeg\" alt=\"\" class=\"wp-image-1201\" srcset=\"https:\/\/www.leavalentin.com\/wp-content\/uploads\/2025\/08\/IMG_6587-2-1-768x1024.jpeg 768w, https:\/\/www.leavalentin.com\/wp-content\/uploads\/2025\/08\/IMG_6587-2-1-225x300.jpeg 225w, https:\/\/www.leavalentin.com\/wp-content\/uploads\/2025\/08\/IMG_6587-2-1-1152x1536.jpeg 1152w, https:\/\/www.leavalentin.com\/wp-content\/uploads\/2025\/08\/IMG_6587-2-1-1536x2048.jpeg 1536w, https:\/\/www.leavalentin.com\/wp-content\/uploads\/2025\/08\/IMG_6587-2-1-scaled.jpeg 1920w\" sizes=\"auto, (max-width: 768px) 100vw, 768px\" \/><\/figure>\n<\/figure>\n\n\n\n<div style=\"height:73px\" aria-hidden=\"true\" class=\"wp-block-spacer\"><\/div>\n\n\n\n<p class=\"has-large-font-size\"><strong>Expositions collectives<\/strong><\/p>\n\n\n\n<div style=\"height:36px\" aria-hidden=\"true\" class=\"wp-block-spacer\"><\/div>\n\n\n\n<p><strong>2025<\/strong> : Carte blanche, <em>De la beaut\u00e9<\/em>, 16\u00e8me rencontres m\u00e9diterran\u00e9ennes, Volubilis, Avignon, France.<\/p>\n\n\n\n<figure class=\"wp-block-gallery has-nested-images columns-default is-cropped wp-block-gallery-3 is-layout-flex wp-block-gallery-is-layout-flex\">\n<figure class=\"wp-block-image size-large\"><img loading=\"lazy\" decoding=\"async\" width=\"768\" height=\"1024\" data-id=\"1244\" src=\"https:\/\/www.leavalentin.com\/wp-content\/uploads\/2026\/02\/IMG_2981-768x1024.jpeg\" alt=\"\" class=\"wp-image-1244\" srcset=\"https:\/\/www.leavalentin.com\/wp-content\/uploads\/2026\/02\/IMG_2981-768x1024.jpeg 768w, https:\/\/www.leavalentin.com\/wp-content\/uploads\/2026\/02\/IMG_2981-225x300.jpeg 225w, https:\/\/www.leavalentin.com\/wp-content\/uploads\/2026\/02\/IMG_2981-1152x1536.jpeg 1152w, https:\/\/www.leavalentin.com\/wp-content\/uploads\/2026\/02\/IMG_2981-1536x2048.jpeg 1536w, https:\/\/www.leavalentin.com\/wp-content\/uploads\/2026\/02\/IMG_2981-scaled.jpeg 1920w\" sizes=\"auto, (max-width: 768px) 100vw, 768px\" \/><\/figure>\n\n\n\n<figure class=\"wp-block-image size-large\"><img loading=\"lazy\" decoding=\"async\" width=\"988\" height=\"1024\" data-id=\"1245\" src=\"https:\/\/www.leavalentin.com\/wp-content\/uploads\/2026\/02\/IMG_7798-988x1024.jpeg\" alt=\"\" class=\"wp-image-1245\" srcset=\"https:\/\/www.leavalentin.com\/wp-content\/uploads\/2026\/02\/IMG_7798-988x1024.jpeg 988w, https:\/\/www.leavalentin.com\/wp-content\/uploads\/2026\/02\/IMG_7798-289x300.jpeg 289w, https:\/\/www.leavalentin.com\/wp-content\/uploads\/2026\/02\/IMG_7798-768x796.jpeg 768w, https:\/\/www.leavalentin.com\/wp-content\/uploads\/2026\/02\/IMG_7798-1482x1536.jpeg 1482w, https:\/\/www.leavalentin.com\/wp-content\/uploads\/2026\/02\/IMG_7798-1976x2048.jpeg 1976w\" sizes=\"auto, (max-width: 988px) 100vw, 988px\" \/><\/figure>\n<\/figure>\n\n\n\n<div style=\"height:73px\" aria-hidden=\"true\" class=\"wp-block-spacer\"><\/div>\n\n\n\n<p><strong>2025 : <\/strong><em>Transmapping<\/em>, Tali Art Gallery, Kuala Lumpur, Malaisie.<\/p>\n\n\n\n<figure class=\"wp-block-gallery has-nested-images columns-2 is-cropped wp-block-gallery-4 is-layout-flex wp-block-gallery-is-layout-flex\">\n<figure class=\"wp-block-image size-large\"><img loading=\"lazy\" decoding=\"async\" width=\"1024\" height=\"768\" data-id=\"1204\" src=\"http:\/\/www.leavalentin.com\/wp-content\/uploads\/2025\/08\/3f1f947f-23a7-480b-ac26-11cc82672434-1024x768.jpg\" alt=\"\" class=\"wp-image-1204\" srcset=\"https:\/\/www.leavalentin.com\/wp-content\/uploads\/2025\/08\/3f1f947f-23a7-480b-ac26-11cc82672434-1024x768.jpg 1024w, https:\/\/www.leavalentin.com\/wp-content\/uploads\/2025\/08\/3f1f947f-23a7-480b-ac26-11cc82672434-300x225.jpg 300w, https:\/\/www.leavalentin.com\/wp-content\/uploads\/2025\/08\/3f1f947f-23a7-480b-ac26-11cc82672434-768x576.jpg 768w, https:\/\/www.leavalentin.com\/wp-content\/uploads\/2025\/08\/3f1f947f-23a7-480b-ac26-11cc82672434-1536x1152.jpg 1536w, https:\/\/www.leavalentin.com\/wp-content\/uploads\/2025\/08\/3f1f947f-23a7-480b-ac26-11cc82672434-2048x1536.jpg 2048w\" sizes=\"auto, (max-width: 1024px) 100vw, 1024px\" \/><\/figure>\n\n\n\n<figure class=\"wp-block-image size-large\"><img loading=\"lazy\" decoding=\"async\" width=\"1024\" height=\"768\" data-id=\"1206\" src=\"http:\/\/www.leavalentin.com\/wp-content\/uploads\/2025\/08\/15f93fb6-5c70-4d14-9d97-ff257b4343ab-1024x768.jpg\" alt=\"\" class=\"wp-image-1206\" srcset=\"https:\/\/www.leavalentin.com\/wp-content\/uploads\/2025\/08\/15f93fb6-5c70-4d14-9d97-ff257b4343ab-1024x768.jpg 1024w, https:\/\/www.leavalentin.com\/wp-content\/uploads\/2025\/08\/15f93fb6-5c70-4d14-9d97-ff257b4343ab-300x225.jpg 300w, https:\/\/www.leavalentin.com\/wp-content\/uploads\/2025\/08\/15f93fb6-5c70-4d14-9d97-ff257b4343ab-768x576.jpg 768w, https:\/\/www.leavalentin.com\/wp-content\/uploads\/2025\/08\/15f93fb6-5c70-4d14-9d97-ff257b4343ab-1536x1152.jpg 1536w, https:\/\/www.leavalentin.com\/wp-content\/uploads\/2025\/08\/15f93fb6-5c70-4d14-9d97-ff257b4343ab-2048x1536.jpg 2048w\" sizes=\"auto, (max-width: 1024px) 100vw, 1024px\" \/><\/figure>\n\n\n\n<figure class=\"wp-block-image size-large\"><img loading=\"lazy\" decoding=\"async\" width=\"1024\" height=\"768\" data-id=\"1205\" src=\"http:\/\/www.leavalentin.com\/wp-content\/uploads\/2025\/08\/df2a8877-ef04-4df5-8bc3-e4db9d8e0d3a-1024x768.jpg\" alt=\"\" class=\"wp-image-1205\" srcset=\"https:\/\/www.leavalentin.com\/wp-content\/uploads\/2025\/08\/df2a8877-ef04-4df5-8bc3-e4db9d8e0d3a-1024x768.jpg 1024w, https:\/\/www.leavalentin.com\/wp-content\/uploads\/2025\/08\/df2a8877-ef04-4df5-8bc3-e4db9d8e0d3a-300x225.jpg 300w, https:\/\/www.leavalentin.com\/wp-content\/uploads\/2025\/08\/df2a8877-ef04-4df5-8bc3-e4db9d8e0d3a-768x576.jpg 768w, https:\/\/www.leavalentin.com\/wp-content\/uploads\/2025\/08\/df2a8877-ef04-4df5-8bc3-e4db9d8e0d3a-1536x1152.jpg 1536w, https:\/\/www.leavalentin.com\/wp-content\/uploads\/2025\/08\/df2a8877-ef04-4df5-8bc3-e4db9d8e0d3a.jpg 1600w\" sizes=\"auto, (max-width: 1024px) 100vw, 1024px\" \/><\/figure>\n<\/figure>\n\n\n\n<div class=\"wp-block-group\"><div class=\"wp-block-group__inner-container is-layout-constrained wp-block-group-is-layout-constrained\">\n<div style=\"height:73px\" aria-hidden=\"true\" class=\"wp-block-spacer\"><\/div>\n\n\n\n<p><strong>2024<\/strong>&nbsp;:&nbsp;<em>Emmanuel Rivi\u00e8re invite L\u00e9a Valentin<\/em>, J.P.O. des ateliers de Montreuil.<\/p>\n\n\n\n<figure class=\"wp-block-gallery has-nested-images columns-default is-cropped wp-block-gallery-5 is-layout-flex wp-block-gallery-is-layout-flex\">\n<figure class=\"wp-block-image size-large\"><img loading=\"lazy\" decoding=\"async\" width=\"768\" height=\"1024\" src=\"http:\/\/www.leavalentin.com\/wp-content\/uploads\/2025\/03\/IMG_1526-1-768x1024.jpeg\" alt=\"\" class=\"wp-image-1166\" srcset=\"https:\/\/www.leavalentin.com\/wp-content\/uploads\/2025\/03\/IMG_1526-1-768x1024.jpeg 768w, https:\/\/www.leavalentin.com\/wp-content\/uploads\/2025\/03\/IMG_1526-1-225x300.jpeg 225w, https:\/\/www.leavalentin.com\/wp-content\/uploads\/2025\/03\/IMG_1526-1-1152x1536.jpeg 1152w, https:\/\/www.leavalentin.com\/wp-content\/uploads\/2025\/03\/IMG_1526-1-1536x2048.jpeg 1536w, https:\/\/www.leavalentin.com\/wp-content\/uploads\/2025\/03\/IMG_1526-1-scaled.jpeg 1920w\" sizes=\"auto, (max-width: 768px) 100vw, 768px\" \/><\/figure>\n\n\n\n<figure class=\"wp-block-image size-large\"><img loading=\"lazy\" decoding=\"async\" width=\"768\" height=\"1024\" src=\"http:\/\/www.leavalentin.com\/wp-content\/uploads\/2025\/03\/IMG_1573-768x1024.jpeg\" alt=\"\" class=\"wp-image-1163\" srcset=\"https:\/\/www.leavalentin.com\/wp-content\/uploads\/2025\/03\/IMG_1573-768x1024.jpeg 768w, https:\/\/www.leavalentin.com\/wp-content\/uploads\/2025\/03\/IMG_1573-225x300.jpeg 225w, https:\/\/www.leavalentin.com\/wp-content\/uploads\/2025\/03\/IMG_1573-1152x1536.jpeg 1152w, https:\/\/www.leavalentin.com\/wp-content\/uploads\/2025\/03\/IMG_1573-1536x2048.jpeg 1536w, https:\/\/www.leavalentin.com\/wp-content\/uploads\/2025\/03\/IMG_1573-scaled.jpeg 1920w\" sizes=\"auto, (max-width: 768px) 100vw, 768px\" \/><\/figure>\n\n\n\n<figure class=\"wp-block-image size-large\"><img loading=\"lazy\" decoding=\"async\" width=\"768\" height=\"1024\" src=\"http:\/\/www.leavalentin.com\/wp-content\/uploads\/2025\/03\/IMG_1582-2-768x1024.jpeg\" alt=\"\" class=\"wp-image-1164\" srcset=\"https:\/\/www.leavalentin.com\/wp-content\/uploads\/2025\/03\/IMG_1582-2-768x1024.jpeg 768w, https:\/\/www.leavalentin.com\/wp-content\/uploads\/2025\/03\/IMG_1582-2-225x300.jpeg 225w, https:\/\/www.leavalentin.com\/wp-content\/uploads\/2025\/03\/IMG_1582-2-1152x1536.jpeg 1152w, https:\/\/www.leavalentin.com\/wp-content\/uploads\/2025\/03\/IMG_1582-2-1536x2048.jpeg 1536w, https:\/\/www.leavalentin.com\/wp-content\/uploads\/2025\/03\/IMG_1582-2-scaled.jpeg 1920w\" sizes=\"auto, (max-width: 768px) 100vw, 768px\" \/><\/figure>\n<\/figure>\n\n\n\n<div style=\"height:73px\" aria-hidden=\"true\" class=\"wp-block-spacer\"><\/div>\n<\/div><\/div>\n\n\n\n<p><strong>2024<\/strong>&nbsp;: Exposition &#8220;Jeu&#8221; \u00e0 l\u2019atelier L\u2019Avis de passage, Paris 4\u00e8me&nbsp;arr.<\/p>\n\n\n\n<figure class=\"wp-block-gallery has-nested-images columns-2 is-cropped wp-block-gallery-6 is-layout-flex wp-block-gallery-is-layout-flex\">\n<figure class=\"wp-block-image size-large\"><img loading=\"lazy\" decoding=\"async\" width=\"768\" height=\"1024\" data-id=\"1174\" src=\"http:\/\/www.leavalentin.com\/wp-content\/uploads\/2025\/03\/IMG_1719-1-768x1024.jpeg\" alt=\"\" class=\"wp-image-1174\" srcset=\"https:\/\/www.leavalentin.com\/wp-content\/uploads\/2025\/03\/IMG_1719-1-768x1024.jpeg 768w, https:\/\/www.leavalentin.com\/wp-content\/uploads\/2025\/03\/IMG_1719-1-225x300.jpeg 225w, https:\/\/www.leavalentin.com\/wp-content\/uploads\/2025\/03\/IMG_1719-1-1152x1536.jpeg 1152w, https:\/\/www.leavalentin.com\/wp-content\/uploads\/2025\/03\/IMG_1719-1.jpeg 1536w\" sizes=\"auto, (max-width: 768px) 100vw, 768px\" \/><\/figure>\n\n\n\n<figure class=\"wp-block-image size-large\"><img loading=\"lazy\" decoding=\"async\" width=\"1024\" height=\"768\" data-id=\"1175\" src=\"http:\/\/www.leavalentin.com\/wp-content\/uploads\/2025\/03\/IMG_1721-2-1024x768.jpeg\" alt=\"\" class=\"wp-image-1175\" srcset=\"https:\/\/www.leavalentin.com\/wp-content\/uploads\/2025\/03\/IMG_1721-2-1024x768.jpeg 1024w, https:\/\/www.leavalentin.com\/wp-content\/uploads\/2025\/03\/IMG_1721-2-300x225.jpeg 300w, https:\/\/www.leavalentin.com\/wp-content\/uploads\/2025\/03\/IMG_1721-2-768x576.jpeg 768w, https:\/\/www.leavalentin.com\/wp-content\/uploads\/2025\/03\/IMG_1721-2-1536x1152.jpeg 1536w, https:\/\/www.leavalentin.com\/wp-content\/uploads\/2025\/03\/IMG_1721-2.jpeg 2048w\" sizes=\"auto, (max-width: 1024px) 100vw, 1024px\" \/><\/figure>\n<\/figure>\n\n\n\n<div style=\"height:73px\" aria-hidden=\"true\" class=\"wp-block-spacer\"><\/div>\n\n\n\n<p><strong>2023<\/strong>&nbsp;: Carte blanche,&nbsp;<em>Relier ou pas \u2013 Histoires d\u00e9livr\u00e9es<\/em>, \u00e0 l\u2019atelier L\u2019Avis de passage, Paris 4\u00e8me&nbsp;arr. en \u00e9cho avec l\u2019exposition du m\u00eame nom de la Fondation La Ruche-Seydoux, Paris 15eme.<\/p>\n\n\n\n<figure class=\"wp-block-gallery has-nested-images columns-default is-cropped wp-block-gallery-7 is-layout-flex wp-block-gallery-is-layout-flex\">\n<figure class=\"wp-block-image size-large\"><img loading=\"lazy\" decoding=\"async\" width=\"1024\" height=\"683\" data-id=\"1167\" src=\"http:\/\/www.leavalentin.com\/wp-content\/uploads\/2025\/03\/IMG_1100-1024x683.jpg\" alt=\"\" class=\"wp-image-1167\" srcset=\"https:\/\/www.leavalentin.com\/wp-content\/uploads\/2025\/03\/IMG_1100-1024x683.jpg 1024w, https:\/\/www.leavalentin.com\/wp-content\/uploads\/2025\/03\/IMG_1100-300x200.jpg 300w, https:\/\/www.leavalentin.com\/wp-content\/uploads\/2025\/03\/IMG_1100-768x512.jpg 768w, https:\/\/www.leavalentin.com\/wp-content\/uploads\/2025\/03\/IMG_1100-1536x1025.jpg 1536w, https:\/\/www.leavalentin.com\/wp-content\/uploads\/2025\/03\/IMG_1100.jpg 2048w\" sizes=\"auto, (max-width: 1024px) 100vw, 1024px\" \/><\/figure>\n\n\n\n<figure class=\"wp-block-image size-large\"><img loading=\"lazy\" decoding=\"async\" width=\"1024\" height=\"683\" data-id=\"1169\" src=\"http:\/\/www.leavalentin.com\/wp-content\/uploads\/2025\/03\/IMG_1126-1024x683.jpg\" alt=\"\" class=\"wp-image-1169\" srcset=\"https:\/\/www.leavalentin.com\/wp-content\/uploads\/2025\/03\/IMG_1126-1024x683.jpg 1024w, https:\/\/www.leavalentin.com\/wp-content\/uploads\/2025\/03\/IMG_1126-300x200.jpg 300w, https:\/\/www.leavalentin.com\/wp-content\/uploads\/2025\/03\/IMG_1126-768x512.jpg 768w, https:\/\/www.leavalentin.com\/wp-content\/uploads\/2025\/03\/IMG_1126-1536x1025.jpg 1536w, https:\/\/www.leavalentin.com\/wp-content\/uploads\/2025\/03\/IMG_1126.jpg 2048w\" sizes=\"auto, (max-width: 1024px) 100vw, 1024px\" \/><\/figure>\n\n\n\n<figure class=\"wp-block-image size-large\"><img loading=\"lazy\" decoding=\"async\" width=\"683\" height=\"1024\" data-id=\"1168\" src=\"http:\/\/www.leavalentin.com\/wp-content\/uploads\/2025\/03\/IMG_1149-683x1024.jpg\" alt=\"\" class=\"wp-image-1168\" srcset=\"https:\/\/www.leavalentin.com\/wp-content\/uploads\/2025\/03\/IMG_1149-683x1024.jpg 683w, https:\/\/www.leavalentin.com\/wp-content\/uploads\/2025\/03\/IMG_1149-200x300.jpg 200w, https:\/\/www.leavalentin.com\/wp-content\/uploads\/2025\/03\/IMG_1149-768x1151.jpg 768w, https:\/\/www.leavalentin.com\/wp-content\/uploads\/2025\/03\/IMG_1149-1025x1536.jpg 1025w, https:\/\/www.leavalentin.com\/wp-content\/uploads\/2025\/03\/IMG_1149.jpg 1366w\" sizes=\"auto, (max-width: 683px) 100vw, 683px\" \/><\/figure>\n<\/figure>\n\n\n\n<p><\/p>\n\n\n\n<p><\/p>\n\n\n\n<p><\/p>\n","protected":false},"excerpt":{"rendered":"<p>Expositions personnelles 2026 : R\u00e9manence, Galerie Faidherbe, Paris. 2025&nbsp;:&nbsp;L\u00e9a Valentin vous invite\u2026, Galerie du Haut-Pav\u00e9, Paris. Cliquez-ici pour t\u00e9l\u00e9charger le d\u00e9pliant accompagnant l&#8217;exposition. Expositions collectives 2025 : Carte blanche, De la beaut\u00e9, 16\u00e8me rencontres m\u00e9diterran\u00e9ennes, Volubilis, Avignon, France. 2025 : Transmapping, Tali Art Gallery, Kuala Lumpur, Malaisie. 2024&nbsp;:&nbsp;Emmanuel Rivi\u00e8re invite L\u00e9a Valentin, J.P.O. des ateliers [&hellip;]<\/p>\n","protected":false},"author":1,"featured_media":0,"parent":0,"menu_order":0,"comment_status":"closed","ping_status":"closed","template":"","meta":{"_acf_changed":false,"footnotes":""},"class_list":["post-1161","page","type-page","status-publish","hentry"],"acf":[],"_links":{"self":[{"href":"https:\/\/www.leavalentin.com\/index.php\/wp-json\/wp\/v2\/pages\/1161","targetHints":{"allow":["GET"]}}],"collection":[{"href":"https:\/\/www.leavalentin.com\/index.php\/wp-json\/wp\/v2\/pages"}],"about":[{"href":"https:\/\/www.leavalentin.com\/index.php\/wp-json\/wp\/v2\/types\/page"}],"author":[{"embeddable":true,"href":"https:\/\/www.leavalentin.com\/index.php\/wp-json\/wp\/v2\/users\/1"}],"replies":[{"embeddable":true,"href":"https:\/\/www.leavalentin.com\/index.php\/wp-json\/wp\/v2\/comments?post=1161"}],"version-history":[{"count":33,"href":"https:\/\/www.leavalentin.com\/index.php\/wp-json\/wp\/v2\/pages\/1161\/revisions"}],"predecessor-version":[{"id":1413,"href":"https:\/\/www.leavalentin.com\/index.php\/wp-json\/wp\/v2\/pages\/1161\/revisions\/1413"}],"wp:attachment":[{"href":"https:\/\/www.leavalentin.com\/index.php\/wp-json\/wp\/v2\/media?parent=1161"}],"curies":[{"name":"wp","href":"https:\/\/api.w.org\/{rel}","templated":true}]}}